{"id":544,"date":"2017-12-08T13:45:10","date_gmt":"2017-12-08T12:45:10","guid":{"rendered":"http:\/\/nieder-mit-hitler.de\/?page_id=544"},"modified":"2025-10-17T09:19:47","modified_gmt":"2025-10-17T07:19:47","slug":"ausstellung","status":"publish","type":"page","link":"http:\/\/nieder-mit-hitler.de\/index.php\/ausstellung\/","title":{"rendered":"GEDENKTAFEL"},"content":{"rendered":"\n<h2 class=\"wp-block-heading\">Die Enth\u00fcllung der Gedenktafel der Widerstandsgruppe um Jochen Bock<\/h2>\n\n\n\n<p>Am 12. September 2023 wurde feierlich eine Gedenktafel f\u00fcr die Widerstandsgruppe um Jochen Bock an der ehemaligen Handelsschule (heute: Ludwig-Erhard-Schule) in der Erfurter Talstra\u00dfe enth\u00fcllt.  <br>Nach der Begr\u00fc\u00dfung durch die stellvertretende Schulleiterin Kathrin Daut und einem Gru\u00dfwort des Vertreters der Stadt Erfurt Lutz Gruber hielt Gerhard Laue, der ehemalige Klassenkamerad und Banknachbar Karl Metzners, eine bewegende Rede. Er erinnerte an seine inzwischen verstorbenen Freunde und w\u00fcrdigte ihr antifaschistisches Engagement. Danach \u00e4u\u00dferten Sch\u00fcler*innen der Ludwig-Erhard-Schule und Thomas-Mann-Schule ihre Gedanken zu der Widerstandsgruppe um Jochen Bock und dem anwesenden Gerhard Laue.<br>Nach einem symbolischen Flugblattwurf aus dem obersten Stock des Schulgeb\u00e4udes und zur Live-Musik der Erfurter S\u00e4ngerin Rona Stoica wurde die Gedenktafel schlie\u00dflich feierlich enth\u00fcllt. Die Herstellung der Gedenktafel wurde gef\u00f6rdert durch die Th\u00fcringer Staatskanzlei und unterst\u00fctzt durch die Stiftung Ettersberg \/ Gedenk- und Bildungsst\u00e4tte Andreasstra\u00dfe sowie die Vereinigung der Verfolgten des Naziregimes (VVN-BDA) und die Stadt Erfurt.<\/p>\n\n\n\n<h3 class=\"wp-block-heading\">Bilder der Feierlichkeiten zur Enth\u00fcllung<\/h3>\n\n\n\n<figure class=\"wp-block-image size-large\"><img decoding=\"async\" loading=\"lazy\" width=\"1024\" height=\"683\" src=\"http:\/\/nieder-mit-hitler.de\/wp-content\/uploads\/2025\/10\/IMG_0555-1024x683.jpg\" alt=\"\" class=\"wp-image-796\" srcset=\"http:\/\/nieder-mit-hitler.de\/wp-content\/uploads\/2025\/10\/IMG_0555-1024x683.jpg 1024w, http:\/\/nieder-mit-hitler.de\/wp-content\/uploads\/2025\/10\/IMG_0555-300x200.jpg 300w, http:\/\/nieder-mit-hitler.de\/wp-content\/uploads\/2025\/10\/IMG_0555-1536x1024.jpg 1536w, http:\/\/nieder-mit-hitler.de\/wp-content\/uploads\/2025\/10\/IMG_0555-2048x1365.jpg 2048w\" sizes=\"(max-width: 1024px) 100vw, 1024px\" \/><\/figure>\n\n\n\n<p>Der Leiter der Gedenk- und Bildungsst\u00e4tte Andreasstra\u00dfe Jochen Voit bei seiner Rede mit Angeh\u00f6rigen der Widerst\u00e4ndler und dem Zeitzeugen Gerhard Laue<\/p>\n\n\n\n<figure class=\"wp-block-image size-large\"><img decoding=\"async\" loading=\"lazy\" width=\"683\" height=\"1024\" src=\"http:\/\/nieder-mit-hitler.de\/wp-content\/uploads\/2025\/10\/IMG_0562-683x1024.jpg\" alt=\"\" class=\"wp-image-795\" srcset=\"http:\/\/nieder-mit-hitler.de\/wp-content\/uploads\/2025\/10\/IMG_0562-683x1024.jpg 683w, http:\/\/nieder-mit-hitler.de\/wp-content\/uploads\/2025\/10\/IMG_0562-200x300.jpg 200w, http:\/\/nieder-mit-hitler.de\/wp-content\/uploads\/2025\/10\/IMG_0562-1024x1536.jpg 1024w, http:\/\/nieder-mit-hitler.de\/wp-content\/uploads\/2025\/10\/IMG_0562-1365x2048.jpg 1365w, http:\/\/nieder-mit-hitler.de\/wp-content\/uploads\/2025\/10\/IMG_0562-scaled.jpg 1707w\" sizes=\"(max-width: 683px) 100vw, 683px\" \/><\/figure>\n\n\n\n<p>Um an die Flugblattaktion der Widerstandsgruppe zu erinnern, wurden Bl\u00e4tter aus dem ersten Stockwerk der Schule geworfen.<\/p>\n\n\n\n<figure class=\"wp-block-image size-large\"><img decoding=\"async\" loading=\"lazy\" width=\"1024\" height=\"683\" src=\"http:\/\/nieder-mit-hitler.de\/wp-content\/uploads\/2025\/10\/IMG_0610-1024x683.jpg\" alt=\"\" class=\"wp-image-797\" srcset=\"http:\/\/nieder-mit-hitler.de\/wp-content\/uploads\/2025\/10\/IMG_0610-1024x683.jpg 1024w, http:\/\/nieder-mit-hitler.de\/wp-content\/uploads\/2025\/10\/IMG_0610-300x200.jpg 300w, http:\/\/nieder-mit-hitler.de\/wp-content\/uploads\/2025\/10\/IMG_0610-1536x1024.jpg 1536w, http:\/\/nieder-mit-hitler.de\/wp-content\/uploads\/2025\/10\/IMG_0610-2048x1365.jpg 2048w\" sizes=\"(max-width: 1024px) 100vw, 1024px\" \/><\/figure>\n\n\n\n<p>Enth\u00fcllung der Gedenktafel am Haupteingang der Ludwig-Erhard-Schule<\/p>\n\n\n\n<figure class=\"wp-block-image size-full\"><img decoding=\"async\" loading=\"lazy\" width=\"419\" height=\"628\" src=\"http:\/\/nieder-mit-hitler.de\/wp-content\/uploads\/2025\/10\/grafik.png\" alt=\"\" class=\"wp-image-793\" srcset=\"http:\/\/nieder-mit-hitler.de\/wp-content\/uploads\/2025\/10\/grafik.png 419w, http:\/\/nieder-mit-hitler.de\/wp-content\/uploads\/2025\/10\/grafik-200x300.png 200w\" sizes=\"(max-width: 419px) 100vw, 419px\" \/><\/figure>\n\n\n\n<p>Teilnehmende der Gedenkveranstaltung vor der frisch enth\u00fcllten Tafel mit dem Comic-Motiv des Zeichners Hamed Eshrat<\/p>\n\n\n\n<figure class=\"wp-block-image size-large\"><img decoding=\"async\" loading=\"lazy\" width=\"1024\" height=\"683\" src=\"http:\/\/nieder-mit-hitler.de\/wp-content\/uploads\/2025\/10\/IMG_0648-1024x683.jpg\" alt=\"\" class=\"wp-image-792\" srcset=\"http:\/\/nieder-mit-hitler.de\/wp-content\/uploads\/2025\/10\/IMG_0648-1024x683.jpg 1024w, http:\/\/nieder-mit-hitler.de\/wp-content\/uploads\/2025\/10\/IMG_0648-300x200.jpg 300w, http:\/\/nieder-mit-hitler.de\/wp-content\/uploads\/2025\/10\/IMG_0648-1536x1024.jpg 1536w, http:\/\/nieder-mit-hitler.de\/wp-content\/uploads\/2025\/10\/IMG_0648-2048x1365.jpg 2048w\" sizes=\"(max-width: 1024px) 100vw, 1024px\" \/><\/figure>\n\n\n\n<p>Jochen Voit und der Initiator der Gedenktafel Gerhard Laue im Gespr\u00e4ch vor der Schule<\/p>\n\n\n\n<figure class=\"wp-block-image size-large\"><img decoding=\"async\" loading=\"lazy\" width=\"683\" height=\"1024\" src=\"http:\/\/nieder-mit-hitler.de\/wp-content\/uploads\/2025\/10\/IMG_0632-683x1024.jpg\" alt=\"\" class=\"wp-image-794\" srcset=\"http:\/\/nieder-mit-hitler.de\/wp-content\/uploads\/2025\/10\/IMG_0632-683x1024.jpg 683w, http:\/\/nieder-mit-hitler.de\/wp-content\/uploads\/2025\/10\/IMG_0632-200x300.jpg 200w, http:\/\/nieder-mit-hitler.de\/wp-content\/uploads\/2025\/10\/IMG_0632-1024x1536.jpg 1024w, http:\/\/nieder-mit-hitler.de\/wp-content\/uploads\/2025\/10\/IMG_0632-1365x2048.jpg 1365w, http:\/\/nieder-mit-hitler.de\/wp-content\/uploads\/2025\/10\/IMG_0632-scaled.jpg 1707w\" sizes=\"(max-width: 683px) 100vw, 683px\" \/><\/figure>\n\n\n\n<p>Die Gedenktafel der Widerstandsgruppe um Jochen Bock an der Fassade der Ludwig-Erhard-Schule in Erfurt (Motiv aus der Graphic Novel: Hamed Eshrat, Metallgestaltung: Reik Weller)<\/p>\n\n\n\n<h2 class=\"wp-block-heading\">Ausstellung: Gefangen unter Hitler<\/h2>\n\n\n<p><img decoding=\"async\" loading=\"lazy\" class=\"aligncenter wp-image-583 size-full\" src=\"http:\/\/nieder-mit-hitler.de\/wp-content\/uploads\/2017\/12\/18_01Andreasstrasse_012_verkleinert.jpg\" alt=\"18_01Andreasstrasse_012_verkleinert\" width=\"1000\" height=\"666\" srcset=\"http:\/\/nieder-mit-hitler.de\/wp-content\/uploads\/2017\/12\/18_01Andreasstrasse_012_verkleinert.jpg 1000w, http:\/\/nieder-mit-hitler.de\/wp-content\/uploads\/2017\/12\/18_01Andreasstrasse_012_verkleinert-300x200.jpg 300w\" sizes=\"(max-width: 1000px) 100vw, 1000px\" \/><\/p>\n<p><img decoding=\"async\" loading=\"lazy\" class=\"aligncenter wp-image-562 size-full\" src=\"http:\/\/nieder-mit-hitler.de\/wp-content\/uploads\/2018\/01\/18_01Andreasstrasse_019_verkleinert.jpg\" alt=\"18_01Andreasstrasse_019_verkleinert\" width=\"1000\" height=\"666\" srcset=\"http:\/\/nieder-mit-hitler.de\/wp-content\/uploads\/2018\/01\/18_01Andreasstrasse_019_verkleinert.jpg 1000w, http:\/\/nieder-mit-hitler.de\/wp-content\/uploads\/2018\/01\/18_01Andreasstrasse_019_verkleinert-300x200.jpg 300w\" sizes=\"(max-width: 1000px) 100vw, 1000px\" \/><\/p>\n<p><img decoding=\"async\" loading=\"lazy\" class=\"aligncenter wp-image-563 size-full\" src=\"http:\/\/nieder-mit-hitler.de\/wp-content\/uploads\/2018\/01\/18_01Andreasstrasse_025_verkleinert.jpg\" alt=\"18_01Andreasstrasse_025_verkleinert\" width=\"1000\" height=\"666\" srcset=\"http:\/\/nieder-mit-hitler.de\/wp-content\/uploads\/2018\/01\/18_01Andreasstrasse_025_verkleinert.jpg 1000w, http:\/\/nieder-mit-hitler.de\/wp-content\/uploads\/2018\/01\/18_01Andreasstrasse_025_verkleinert-300x200.jpg 300w\" sizes=\"(max-width: 1000px) 100vw, 1000px\" \/><\/p>\n<p>Seit Dezember 2017 gibt es in der Gedenk- und Bildungsst\u00e4tte Andreasstra\u00dfe den neuen Ausstellungsbereich <strong>GEFANGEN UNTER HITLER: POLITISCHE H\u00c4FTLINGE IM ERFURTER GEF\u00c4NGNIS 1933-1945<\/strong>. Damit erschlie\u00dft die \u201eAndreasstra\u00dfe\u201c einen bislang wenig beachteten Teil der eigenen Hausgeschichte. Das Geb\u00e4ude war von 1878 bis 2002 Gef\u00e4ngnis und durchlebte somit f\u00fcnf verschiedene politische Systeme. Im Mittelpunkt der Gedenkst\u00e4ttenarbeit steht die DDR-Zeit &#8211; das neue Ausstellungsmodul lenkt nun den Blick auf historische Br\u00fcche und Kontinuit\u00e4ten.<\/p>\n<p>Im Nationalsozialismus war der Klinkerbau in der Andreasstra\u00dfe, wie die meisten Gef\u00e4ngnisse im &#8222;Dritten Reich&#8220;, auch ein Ort der Unterdr\u00fcckung. Wer eine abweichende politische Meinung vertrat, wer als &#8222;fremdv\u00f6lkisch&#8220; oder homosexuell galt, konnte hier inhaftiert werden. Allein im Erfurter Gef\u00e4ngnis landeten Hunderte Frauen und M\u00e4nner, nur weil sie dem Weltbild der Nazis nicht entsprachen. An einige von ihnen erinnert die Gedenkst\u00e4tte in ihrem neuen Ausstellungsbereich. Ebenso portr\u00e4tiert sind neben H\u00e4ftlingen auch Wachleute und Justizangestellte. Auf dem Fu\u00dfboden zeigt ein Stadtplan ausgew\u00e4hlte Erfurter Unterdr\u00fcckungsorte, darunter auch das Gel\u00e4nde der Firma J. A. Topf &amp; S\u00f6hne, wo Ingenieure Verbrennungstechnik f\u00fcr Konzentrationslager entwickelten.<\/p>\n<p><img decoding=\"async\" loading=\"lazy\" class=\"aligncenter wp-image-565 size-full\" src=\"http:\/\/nieder-mit-hitler.de\/wp-content\/uploads\/2018\/01\/18_01Andreasstrasse_033_verkleinert.jpg\" alt=\"18_01Andreasstrasse_033_verkleinert\" width=\"1000\" height=\"666\" srcset=\"http:\/\/nieder-mit-hitler.de\/wp-content\/uploads\/2018\/01\/18_01Andreasstrasse_033_verkleinert.jpg 1000w, http:\/\/nieder-mit-hitler.de\/wp-content\/uploads\/2018\/01\/18_01Andreasstrasse_033_verkleinert-300x200.jpg 300w\" sizes=\"(max-width: 1000px) 100vw, 1000px\" \/><\/p>\n<p>Die Widerstandsgruppe um Jochen Bock war in eben jenem Gef\u00e4ngnis inhaftiert. Die Entwicklung von begeisterten Hitlerjungen zu kritisch denkenden jungen M\u00e4nnern veranschaulichen Exponate in der Ausstellung: Ein HJ-Fahrtenmesser steht etwa f\u00fcr die Geschichte Karl Metzners, der sich bei seiner &#8222;Pimpfenprobe&#8220; weigerte, das Horst-Wessel-Lied aufzusagen und deswegen zun\u00e4chst kein Messer erhielt. Auch Metzners Original-Bettkarte aus der Gef\u00e4ngniszelle ist zu sehen, darauf steht der Haftgrund &#8222;Hochverr\u00e4tische Umtriebe&#8220;.<\/p>\n<p>Authentische Gegenst\u00e4nde und pers\u00f6nliche Erinnerungen &#8211; es ist diese Mischung, die der Ausstellung Lebendigkeit und erz\u00e4hlerische Tiefe verleiht. Auf einer Medienstation laufen filmische Miniaturen, die aus dem 25-min\u00fctigen Film NIEDER MIT HITLER hervorgegangen sind. Hier berichtet Karl Metzner vom Haftalltag, sein ehemaliger Klassenkamerad Gerhard Laue erkl\u00e4rt die Begriffe \u201eFeindsender\u201c und \u201eRundfunkverbrechen\u201c. Passend zur modernen Ausstellungsgrafik illustrieren schlichte Spielszenen, die im Graphic Novel-Stil verfremdet sind, die Erz\u00e4hlungen der Zeitzeugen.<\/p>\n<p><img decoding=\"async\" loading=\"lazy\" class=\"aligncenter wp-image-564 size-full\" src=\"http:\/\/nieder-mit-hitler.de\/wp-content\/uploads\/2018\/01\/18_01Andreasstrasse_027a_verkleinert.jpg\" alt=\"18_01Andreasstrasse_027a_verkleinert\" width=\"1000\" height=\"666\" srcset=\"http:\/\/nieder-mit-hitler.de\/wp-content\/uploads\/2018\/01\/18_01Andreasstrasse_027a_verkleinert.jpg 1000w, http:\/\/nieder-mit-hitler.de\/wp-content\/uploads\/2018\/01\/18_01Andreasstrasse_027a_verkleinert-300x200.jpg 300w\" sizes=\"(max-width: 1000px) 100vw, 1000px\" \/><\/p>\n<p>Die Kuratoren der Ausstellung Dr. Jochen Voit und Stefan Hellmuth freuten sich bei der Er\u00f6ffnung am 3. Dezember besonders dar\u00fcber, neben den Gestaltern von KOCMOC.NET und JOACHIM K\u00d6HLER MEDIADESIGN auch die beiden Zeitzeugen Karl Metzner und Gerhard Laue in der Andreasstra\u00dfe begr\u00fc\u00dfen zu d\u00fcrfen.<\/p>\n<p>Fotos: Claus Bach<\/p>\n<p>Text: Dr. Jochen Voit, Noemi Burgenmeister<\/p>","protected":false},"excerpt":{"rendered":"<p>Die Enth\u00fcllung der Gedenktafel der Widerstandsgruppe um Jochen Bock Am 12. September 2023 wurde feierlich eine Gedenktafel f\u00fcr die Widerstandsgruppe um Jochen Bock an der ehemaligen Handelsschule (heute: Ludwig-Erhard-Schule) in der Erfurter Talstra\u00dfe enth\u00fcllt. Nach der Begr\u00fc\u00dfung durch die stellvertretende Schulleiterin Kathrin Daut und einem Gru\u00dfwort des Vertreters der Stadt Erfurt Lutz Gruber hielt Gerhard [&hellip;]<\/p>\n","protected":false},"author":2,"featured_media":0,"parent":0,"menu_order":0,"comment_status":"closed","ping_status":"closed","template":"","meta":[],"_links":{"self":[{"href":"http:\/\/nieder-mit-hitler.de\/index.php\/wp-json\/wp\/v2\/pages\/544"}],"collection":[{"href":"http:\/\/nieder-mit-hitler.de\/index.php\/wp-json\/wp\/v2\/pages"}],"about":[{"href":"http:\/\/nieder-mit-hitler.de\/index.php\/wp-json\/wp\/v2\/types\/page"}],"author":[{"embeddable":true,"href":"http:\/\/nieder-mit-hitler.de\/index.php\/wp-json\/wp\/v2\/users\/2"}],"replies":[{"embeddable":true,"href":"http:\/\/nieder-mit-hitler.de\/index.php\/wp-json\/wp\/v2\/comments?post=544"}],"version-history":[{"count":26,"href":"http:\/\/nieder-mit-hitler.de\/index.php\/wp-json\/wp\/v2\/pages\/544\/revisions"}],"predecessor-version":[{"id":816,"href":"http:\/\/nieder-mit-hitler.de\/index.php\/wp-json\/wp\/v2\/pages\/544\/revisions\/816"}],"wp:attachment":[{"href":"http:\/\/nieder-mit-hitler.de\/index.php\/wp-json\/wp\/v2\/media?parent=544"}],"curies":[{"name":"wp","href":"https:\/\/api.w.org\/{rel}","templated":true}]}}