{"id":450,"date":"2017-02-28T12:41:52","date_gmt":"2017-02-28T11:41:52","guid":{"rendered":"http:\/\/nieder-mit-hitler.de\/?page_id=450"},"modified":"2025-10-07T16:00:50","modified_gmt":"2025-10-07T14:00:50","slug":"graphic-novel","status":"publish","type":"page","link":"http:\/\/nieder-mit-hitler.de\/index.php\/graphic-novel\/","title":{"rendered":"Comic-Lesung on tour"},"content":{"rendered":"\n\n<a href=\"http:\/\/nieder-mit-hitler.de\/wp-content\/uploads\/2017\/02\/Lesung-1.jpg\"><img decoding=\"async\" loading=\"lazy\" class=\"alignnone  wp-image-721\" src=\"http:\/\/nieder-mit-hitler.de\/wp-content\/uploads\/2017\/02\/Lesung-1-300x225.jpg\" alt=\"\" width=\"520\" height=\"390\" srcset=\"http:\/\/nieder-mit-hitler.de\/wp-content\/uploads\/2017\/02\/Lesung-1-300x225.jpg 300w, http:\/\/nieder-mit-hitler.de\/wp-content\/uploads\/2017\/02\/Lesung-1.jpg 320w\" sizes=\"(max-width: 520px) 100vw, 520px\" \/><\/a>\n\nLesereise: Szenarist Jochen Voit und Zeichner Hamed Eshrat bringen die Geschichte der Erfurter Widerstandsgruppe in einer szenischen Lesung auf die B\u00fchne. In verteilten Rollen lassen sie ausgew\u00e4hlte Passagen lebendig werden und entf\u00fchren das Publikum direkt in die Welt ihrer Graphic Novel. Anschlie\u00dfend \u00f6ffnen sie den Blick hinter die Kulissen: Das Publikum erf\u00e4hrt, was eine Graphic Novel ausmacht, wie NIEDER MIT HITLER entstanden ist und wer die Widerstandsgruppe um Jochen Bock wirklich war.\n\n \n<h2 class=\"wp-block-heading\">Aktuelle Termine:<\/h2>\n \n<h4 class=\"wp-block-heading\">27.11.2025 Friedrichshafen<\/h4>\n \n\nVergangene Termine k\u00f6nnen hier eingesehen werden:\n<a href=\"https:\/\/erinnerungsort.de\/nieder-mit-hitler\/\">https:\/\/erinnerungsort.de\/nieder-mit-hitler\/<\/a>\n\n \n<h2 class=\"wp-block-heading\"><\/h2>\n<h2 class=\"wp-block-heading\">Bilder vergangener Comic-Lesungen<\/h2>\n \n\nAls Begleitprogramm der Kammeroper &#8222;Wei\u00dfe Rose&#8220; von Udo Zimmermann haben Jochen Voit und Hamed Eshrat am 29. M\u00e4rz 2025 in der Studiobox des Theaters Erfurt vor begeistertem Publikum gelesen.\n\n <div class=\"wp-block-image\">\n<figure class=\"alignleft size-large is-resized\"><img decoding=\"async\" loading=\"lazy\" class=\"wp-image-740\" src=\"http:\/\/nieder-mit-hitler.de\/wp-content\/uploads\/2025\/08\/MG_3374-1024x683.jpg\" alt=\"\" width=\"512\" height=\"342\" srcset=\"http:\/\/nieder-mit-hitler.de\/wp-content\/uploads\/2025\/08\/MG_3374-1024x683.jpg 1024w, http:\/\/nieder-mit-hitler.de\/wp-content\/uploads\/2025\/08\/MG_3374-300x200.jpg 300w, http:\/\/nieder-mit-hitler.de\/wp-content\/uploads\/2025\/08\/MG_3374-1536x1024.jpg 1536w, http:\/\/nieder-mit-hitler.de\/wp-content\/uploads\/2025\/08\/MG_3374-2048x1365.jpg 2048w\" sizes=\"(max-width: 512px) 100vw, 512px\" \/><\/figure><\/div> \n\n \n\n \n\n \n\n \n\n\n\n\n\nLesung mit Jochen Voit und Hamed Eshrat im Theater Erfurt 2025\n\n \n<figure class=\"wp-block-image size-large is-resized\"><img decoding=\"async\" loading=\"lazy\" class=\"wp-image-741\" src=\"http:\/\/nieder-mit-hitler.de\/wp-content\/uploads\/2025\/08\/MG_3418-1024x683.jpg\" alt=\"\" width=\"512\" height=\"342\" srcset=\"http:\/\/nieder-mit-hitler.de\/wp-content\/uploads\/2025\/08\/MG_3418-1024x683.jpg 1024w, http:\/\/nieder-mit-hitler.de\/wp-content\/uploads\/2025\/08\/MG_3418-300x200.jpg 300w, http:\/\/nieder-mit-hitler.de\/wp-content\/uploads\/2025\/08\/MG_3418-1536x1024.jpg 1536w, http:\/\/nieder-mit-hitler.de\/wp-content\/uploads\/2025\/08\/MG_3418-2048x1365.jpg 2048w\" sizes=\"(max-width: 512px) 100vw, 512px\" \/><\/figure>\n \n\nPodiumsgespr\u00e4ch mit Anna Nolte und den K\u00fcnstlern\n\n \n<figure class=\"wp-block-image size-large is-resized\"><img decoding=\"async\" loading=\"lazy\" class=\"wp-image-742\" src=\"http:\/\/nieder-mit-hitler.de\/wp-content\/uploads\/2025\/08\/MG_3520-1024x683.jpg\" alt=\"\" width=\"512\" height=\"342\" srcset=\"http:\/\/nieder-mit-hitler.de\/wp-content\/uploads\/2025\/08\/MG_3520-1024x683.jpg 1024w, http:\/\/nieder-mit-hitler.de\/wp-content\/uploads\/2025\/08\/MG_3520-300x200.jpg 300w, http:\/\/nieder-mit-hitler.de\/wp-content\/uploads\/2025\/08\/MG_3520-1536x1024.jpg 1536w, http:\/\/nieder-mit-hitler.de\/wp-content\/uploads\/2025\/08\/MG_3520-2048x1365.jpg 2048w\" sizes=\"(max-width: 512px) 100vw, 512px\" \/><\/figure>\n \n\nJochen Voit und Hamed Eshrat signieren die Graphic Novels\n\n \n\nAuch an Schulen waren die beiden unterwegs. Am 23. November 2020 fand eine Comic-Lesung im Mariengymnasium Jever statt:\n\n \n<figure class=\"wp-block-image size-full is-resized\"><img decoding=\"async\" loading=\"lazy\" class=\"wp-image-723\" src=\"http:\/\/nieder-mit-hitler.de\/wp-content\/uploads\/2017\/02\/Lesung-3.jpg\" alt=\"\" width=\"507\" height=\"338\" srcset=\"http:\/\/nieder-mit-hitler.de\/wp-content\/uploads\/2017\/02\/Lesung-3.jpg 640w, http:\/\/nieder-mit-hitler.de\/wp-content\/uploads\/2017\/02\/Lesung-3-300x200.jpg 300w\" sizes=\"(max-width: 507px) 100vw, 507px\" \/><\/figure>\n \n\nJochen Voit und Hamed Eshrat bei der Vorstellung\n\n \n<figure class=\"wp-block-image size-full is-resized\"><img decoding=\"async\" loading=\"lazy\" class=\"wp-image-724\" src=\"http:\/\/nieder-mit-hitler.de\/wp-content\/uploads\/2017\/02\/Lesung-4.jpg\" alt=\"\" width=\"508\" height=\"339\" srcset=\"http:\/\/nieder-mit-hitler.de\/wp-content\/uploads\/2017\/02\/Lesung-4.jpg 640w, http:\/\/nieder-mit-hitler.de\/wp-content\/uploads\/2017\/02\/Lesung-4-300x200.jpg 300w\" sizes=\"(max-width: 508px) 100vw, 508px\" \/><\/figure>\n \n\nHamed Eshrat signiert NIEDER MIT HITLER\n\n \n<h2 class=\"wp-block-heading\">Geburtstagsbesuch bei Karl Metzner<\/h2>\n \n<figure class=\"wp-block-image size-large is-resized\"><img decoding=\"async\" loading=\"lazy\" class=\"wp-image-509\" src=\"http:\/\/nieder-mit-hitler.de\/wp-content\/uploads\/2017\/11\/DSC6209-1024x680.jpg\" alt=\"\" width=\"512\" height=\"340\" srcset=\"http:\/\/nieder-mit-hitler.de\/wp-content\/uploads\/2017\/11\/DSC6209-1024x680.jpg 1024w, http:\/\/nieder-mit-hitler.de\/wp-content\/uploads\/2017\/11\/DSC6209-300x199.jpg 300w\" sizes=\"(max-width: 512px) 100vw, 512px\" \/><\/figure>\n \n\nZu seinem 90. Geburtstag (1. Oktober 2017) bekam der Protagonist <a href=\"http:\/\/nieder-mit-hitler.de\/index.php\/category\/kurzbiografien\/\" data-type=\"URL\" data-id=\"http:\/\/nieder-mit-hitler.de\/index.php\/category\/kurzbiografien\/\">Karl Metzner<\/a> Besuch von dem Zeichner Hamed Eshrat und dem Autor des Szenarios Dr. Jochen Voit. Sie zeigten ihm die aktuellen Entw\u00fcrfe der Graphic Novel und schenkten ihm eine gerahmte Zeichnung, die den jungen Karl zeigt. Im Gespr\u00e4ch erz\u00e4hlte Karl Metzner den beiden aus seinem Leben und gab ihnen feierlich die Erlaubnis seine Geschichte in einem Comic nachzuerz\u00e4hlen. Am 26. August 2018 ist Karl Metzner gestorben. Eine Woche zuvor hatte Jochen Voit ihm ein druckfrisches Exemplar der Graphic Novel nach Hause gebracht, was ihn sehr gefreut hat.","protected":false},"excerpt":{"rendered":"<p>Lesereise: Szenarist Jochen Voit und Zeichner Hamed Eshrat bringen die Geschichte der Erfurter Widerstandsgruppe in einer szenischen Lesung auf die B\u00fchne. In verteilten Rollen lassen sie ausgew\u00e4hlte Passagen lebendig werden und entf\u00fchren das Publikum direkt in die Welt ihrer Graphic Novel. Anschlie\u00dfend \u00f6ffnen sie den Blick hinter die Kulissen: Das Publikum erf\u00e4hrt, was eine Graphic [&hellip;]<\/p>\n","protected":false},"author":2,"featured_media":0,"parent":0,"menu_order":0,"comment_status":"closed","ping_status":"closed","template":"","meta":[],"_links":{"self":[{"href":"http:\/\/nieder-mit-hitler.de\/index.php\/wp-json\/wp\/v2\/pages\/450"}],"collection":[{"href":"http:\/\/nieder-mit-hitler.de\/index.php\/wp-json\/wp\/v2\/pages"}],"about":[{"href":"http:\/\/nieder-mit-hitler.de\/index.php\/wp-json\/wp\/v2\/types\/page"}],"author":[{"embeddable":true,"href":"http:\/\/nieder-mit-hitler.de\/index.php\/wp-json\/wp\/v2\/users\/2"}],"replies":[{"embeddable":true,"href":"http:\/\/nieder-mit-hitler.de\/index.php\/wp-json\/wp\/v2\/comments?post=450"}],"version-history":[{"count":112,"href":"http:\/\/nieder-mit-hitler.de\/index.php\/wp-json\/wp\/v2\/pages\/450\/revisions"}],"predecessor-version":[{"id":812,"href":"http:\/\/nieder-mit-hitler.de\/index.php\/wp-json\/wp\/v2\/pages\/450\/revisions\/812"}],"wp:attachment":[{"href":"http:\/\/nieder-mit-hitler.de\/index.php\/wp-json\/wp\/v2\/media?parent=450"}],"curies":[{"name":"wp","href":"https:\/\/api.w.org\/{rel}","templated":true}]}}