{"id":388,"date":"2016-04-12T14:36:27","date_gmt":"2016-04-12T12:36:27","guid":{"rendered":"http:\/\/nieder-mit-hitler.de\/?page_id=388"},"modified":"2016-04-12T14:46:09","modified_gmt":"2016-04-12T12:46:09","slug":"rechtshinweise","status":"publish","type":"page","link":"http:\/\/nieder-mit-hitler.de\/index.php\/rechtshinweise\/","title":{"rendered":"Rechtshinweise"},"content":{"rendered":"<h3>Datenschutz<\/h3>\n<p>Die Internetaktivit\u00e4ten der Stiftung Ettersberg entsprechen den gesetzlichen Datenschutzbestimmungen. Die Stiftung Ettersberg versichert, dass pers\u00f6nliche Daten absolut vertraulich behandelt, nicht an Dritte weitergegeben und nicht mit anderen Datenquellen zusammengef\u00fchrt werden. Wenn gebeten wird, auf den von der Stiftung Ettersberg bereitgestellten Web-Formularen Angaben zur eigenen Person zu machen, steht es den Besuchern v\u00f6llig frei, dieser Aufforderung nachzukommen. Die Stiftung Ettersberg verwendet diese Daten ausschlie\u00dflich zur Bearbeitung von Anfragen.<\/p>\n<p>\u00a7 1 Geltungsbereich dieses Disclaimers f\u00fcr das Facebook-Plugin<\/p>\n<p>F\u00fcr die Nutzung unserer Facebook-Fanpage gelten zwischen dem Nutzer und dem Betreiber der Fanpage (nachfolgend \u201cAnbieter\u201d genannt) die folgenden Nutzungsbedingungen:<\/p>\n<p>Die Nutzung ist nur zul\u00e4ssig, wenn Sie als Nutzer diese Nutzungsbedingungen akzeptieren.<\/p>\n<p>\u00a7 2 Haftungshinweise zu Inhalten auf unserer Facebook-Fanpage<\/p>\n<p>Die Inhalte dieser Facebook-Fanpage werden mit gr\u00f6\u00dftm\u00f6glicher Sorgfalt erstellt. Der Anbieter \u00fcbernimmt jedoch keine Gew\u00e4hr f\u00fcr die Richtigkeit, Vollst\u00e4ndigkeit und Aktualit\u00e4t der bereitgestellten Inhalte. Die Nutzung der Inhalte der Facebook-Fanpage erfolgt auf eigene Gefahr des Nutzers. Namentlich gekennzeichnete Beitr\u00e4ge geben die Meinung des jeweiligen Autors und nicht immer die Meinung des Anbieters wieder.<\/p>\n<p>\u00a7 3 Externe Links auf unserer Facebook-Fanpage<\/p>\n<p>Diese Facebook-Fanpage enth\u00e4lt Verkn\u00fcpfungen zu Websites Dritter (\u201cexterne Links\u201d). Diese Websites unterliegen der Haftung der jeweiligen Betreiber. Der Anbieter hat bei der erstmaligen Verkn\u00fcpfung der externen Links die fremden Inhalte daraufhin \u00fcberpr\u00fcft, ob etwaige Rechtsverst\u00f6\u00dfe bestehen. Zu dem Zeitpunkt waren keine Rechtsverst\u00f6\u00dfe ersichtlich. Der Anbieter hat keinerlei Einfluss auf die aktuelle und zuk\u00fcnftige Gestaltung und auf die Inhalte der verkn\u00fcpften Seiten. Das Setzen von externen Links bedeutet nicht, dass sich der Anbieter die hinter dem Verweis oder Link liegenden Inhalte zu eigen macht. Eine st\u00e4ndige Kontrolle der externen Links ist f\u00fcr den Anbieter ohne konkrete Hinweise auf Rechtsverst\u00f6\u00dfe nicht zumutbar. Bei Kenntnis von Rechtsverst\u00f6\u00dfen werden jedoch derartige externe Links unverz\u00fcglich gel\u00f6scht.<\/p>\n<p>\u00a7 4 Pflichten als Nutzer unserer Facebook-Fanpage<\/p>\n<p>(1) Als Nutzer verpflichten Sie sich, dass Sie keine Beitr\u00e4ge \/ Kommentare auf unserer Facebook-Fanpage ver\u00f6ffentlichen werden, die gegen diese Regeln, die guten Sitten oder sonst gegen geltendes deutsches Recht versto\u00dfen. Es ist Ihnen insbesondere untersagt, beleidigende oder unwahre Inhalte zu ver\u00f6ffentlichen; gesetzlich, insbesondere durch das Urheber- und Markenrecht, gesch\u00fctzte Inhalte ohne Berechtigung zu verwenden; wettbewerbswidrige Handlungen vorzunehmen; Werbung auf der Facebook-Fanpage ohne ausdr\u00fcckliche schriftliche Genehmigung durch den Anbieter zu betreiben. Dies gilt auch f\u00fcr sog. Schleichwerbung wie insbesondere das Verlinken der eigenen Fanpage oder Webseite mit oder ohne Beitext in Kommentaren oder innerhalb von Beitr\u00e4gen. Beitr\u00e4ge und Kommentare von Nutzern, die die systematische Leugnung begangener Verbrechen und Menschenrechtsverletzungen sowie menschenrechtsverletzende bzw. antidemokratische \u00c4u\u00dferungen beinhalten, werden von uns gel\u00f6scht.<\/p>\n<p>(2) Der Anbieter hat das Recht, Beitr\u00e4ge und Kommentare zu l\u00f6schen, wenn diese einen Rechtsversto\u00df enthalten k\u00f6nnten.<\/p>\n<p>(3) Als Nutzer verpflichten Sie sich, vor der Ver\u00f6ffentlichung Ihrer Beitr\u00e4ge und Kommentare diese daraufhin zu \u00fcberpr\u00fcfen, ob diese Angaben enthalten, die Sie nicht ver\u00f6ffentlichen m\u00f6chten. Ihre Beitr\u00e4ge und Themen k\u00f6nnen in Suchmaschinen erfasst und damit weltweit zugreifbar werden. Ein Anspruch auf L\u00f6schung oder Korrektur solcher Suchmaschineneintr\u00e4ge gegen\u00fcber dem Anbieter ist ausgeschlossen.<\/p>\n<p>(4) Sollten Dritte oder andere Nutzer den Anbieter wegen m\u00f6glicher Rechtsverst\u00f6\u00dfe in Anspruch nehmen, die a) aus den von Ihnen als Nutzer eingestellten Inhalten auf der Facebook-Fanpage resultieren und\/oder b) aus der Nutzung der Fanpage des Anbieters durch Sie als Nutzer entstehen, verpflichten Sie sich als Nutzer, den Anbieter von jeglichen Anspr\u00fcchen, einschlie\u00dflich Schadensersatzanspr\u00fcchen, freizustellen und dem Anbieter die Kosten zu ersetzen, die diesem wegen der m\u00f6glichen Rechtsverletzung entstehen. Der Anbieter wird insbesondere von den Kosten der notwendigen Rechtsverteidigung freigestellt. Der Anbieter ist berechtigt, hierf\u00fcr von Ihnen als Nutzer einen angemessenen Vorschuss zu fordern. Als Nutzer sind Sie verpflichtet, den Anbieter nach Treu und Glauben mit Informationen und Unterlagen bei der Rechtsverteidigung gegen\u00fcber Dritten zu unterst\u00fctzen. Alle weitergehenden Rechte sowie Schadensersatzanspr\u00fcche des Anbieters bleiben unber\u00fchrt. Wenn Sie als Nutzer die m\u00f6gliche Rechtsverletzung nicht zu vertreten haben, bestehen die zuvor genannten Pflichten nicht.<\/p>\n<p>\u00a7 5 Urheber- und Leistungsschutzrechte<\/p>\n<p>(1) Die auf dieser Facebook-Fanpage ver\u00f6ffentlichten Inhalte unterliegen dem deutschen Urheber- und Leistungsschutzrecht. Jede vom deutschen Urheber- und Leistungsschutzrecht nicht zugelassene Verwertung bedarf der vorherigen schriftlichen Zustimmung des Anbieters oder jeweiligen Rechteinhabers. Dies gilt insbesondere f\u00fcr Vervielf\u00e4ltigung, Bearbeitung, \u00dcbersetzung, Einspeicherung, Verarbeitung bzw. Wiedergabe von Inhalten in Datenbanken oder anderen elektronischen Medien und Systemen. Inhalte und Rechte Dritter sind dabei als solche gekennzeichnet. Die unerlaubte Vervielf\u00e4ltigung oder Weitergabe einzelner Inhalte oder kompletter Seiten ist nicht gestattet und strafbar. Lediglich die Herstellung von Kopien und Downloads f\u00fcr den pers\u00f6nlichen, privaten und nicht kommerziellen Gebrauch ist erlaubt.<\/p>\n<p>(2) Die Darstellung dieser Website in fremden Frames ist nur mit schriftlicher Erlaubnis zul\u00e4ssig.<\/p>\n<p>\u00a7 6 Datenschutz auf Facebook \/ beim \u201eGef\u00e4llt mir\u201c-Button<\/p>\n<p>(1) Der Anbieter dieser Facebook-Fanpage nutzt Plugins des Anbieters Facebook.com, welche durch das Unternehmen Facebook Inc., 1601 S. California Avenue, Palo Alto, CA 94304 in den USA bereitgestellt werden. Nutzer unserer Webseite, auf der das Facebook-Plugin installiert ist, werden hiermit darauf hingewiesen, dass durch das Plugin eine Verbindung zu Facebook aufgebaut wird, wodurch eine \u00dcbermittlung an Ihren Browser durchgef\u00fchrt wird, damit das Plugin auf der Webseite erscheint.<\/p>\n<p>(2) Des Weiteren werden durch die Nutzung Daten an die Facebook-Server weitergeleitet, welche Informationen \u00fcber Ihre Webseitenbesuche auf unserer Homepage enthalten. Dies hat f\u00fcr eingeloggte Facebook-Nutzer zur Folge, dass die Nutzungsdaten ihrem pers\u00f6nlichen Facebook-Account zugeordnet werden. Sobald Sie als eingeloggter Facebook-Nutzer aktiv das Facebook-Plugin nutzen (z.B. durch das Klicken auf den \u201eGef\u00e4llt mir\u201c Knopf oder die Nutzung der Kommentarfunktion), werden diese Daten zu Ihrem Facebook-Account \u00fcbertragen und ver\u00f6ffentlicht. Dies k\u00f6nnen Sie nur durch vorheriges Ausloggen aus Ihrem Facebook-Account umgehen.<\/p>\n<p>(3) Es ist uns nicht genau bekannt, welche Daten Facebook speichert und nutzt. Sie m\u00fcssen als Nutzer der Fanpage daher damit rechnen, dass Facebook auch Ihre Aktionen auf der Fanpage l\u00fcckenlos speichert.<\/p>\n<p>(4) Facebook erh\u00e4lt durch den Klick auf den \u201eGef\u00e4llt mir\u201c \u2013 Button Ihre IP-Adresse, Prozessortyp und Browserversion. \u00dcber Ihre IP-Adresse k\u00f6nnte Facebook zusammen mit anderen Daten sowie Ihrem Realnamen, wenn Sie diesen bei Ihrem Facebook-Profil angegeben haben, Ihre Identit\u00e4t und Gewohnheiten unter diesem Profil ermitteln. Wenn Sie sich immer \u00fcber dieses Nutzerprofil bei Facebook einloggen, k\u00f6nnte Facebook insbesondere Ihre Vorlieben, Kontakte und Lebensweise herausfinden.<\/p>\n<p>\u00a7 7 Sonstige Regelungen<\/p>\n<p>(1) Im \u00dcbrigen gelten die Allgemeinen Nutzungsbedingungen der Facebook Ireland Limited, Hanover Reach, 5-7 Hanover Quay, Dublin 2, Ireland unter https:\/\/www.facebook.com\/terms.php<\/p>\n<p>(2) Hinsichtlich des Datenschutzes auf Facebook beachten Sie bitte die folgenden Datenschutzhinweise der Facebook Ireland Limited: https:\/\/www.facebook.com\/about\/privacy\/<\/p>\n<p>Quelle: Kostenloser Facebook Fanpage Disclaimer von der Juraforum.de-Anwaltssuche.<\/p>\n<p>Haftungsausschluss<\/p>\n<p>F\u00fcr die Richtigkeit, Vollst\u00e4ndigkeit oder Aktualit\u00e4t der Inhalte wird keine Gew\u00e4hr \u00fcbernommen. Alle Rechte sind vorbehalten, soweit nicht ausdr\u00fccklich etwas anderes angegeben wird. Bei Zitaten von dieser Homepage wird um Quellenangabe gebeten. F\u00fcr die Inhalte externer Links \u00fcbernimmt die Stiftung Ettersberg keine Haftung. F\u00fcr den Inhalt der verkn\u00fcpften Seiten sind ausschlie\u00dflich deren Betreiber verantwortlich.<\/p>\n<p>Urheberrechte<\/p>\n<p>Alle Texte, Bilder, Graphiken, Ton-, Video- und Animationsdateien sowie deren Anordnung auf der Homepage der Stiftung Ettersberg unterliegen dem Urheberrecht und anderen Gesetzen zum Schutz geistigen Eigentums. Sie d\u00fcrfen weder f\u00fcr kommerzielle Zwecke oder zur Weitergabe kopiert, noch ver\u00e4ndert und auf anderen Webseiten verwendet werden. Davon ausgenommen ist das unter der Rubrik \u00bbPresseinfo\u00ab f\u00fcr die Weiterverbreitung ausdr\u00fccklich angebotene Text- und Bildmaterial. Wir weisen darauf hin, dass einige Seiten der Homepage der Stiftung Ettersberg auch Bilder enthalten, die dem Urheberrecht derjenigen unterliegen, die diese zur Verf\u00fcgung gestellt haben. Diese sind gesondert angegeben.<\/p>\n","protected":false},"excerpt":{"rendered":"<p>Datenschutz Die Internetaktivit\u00e4ten der Stiftung Ettersberg entsprechen den gesetzlichen Datenschutzbestimmungen. Die Stiftung Ettersberg versichert, dass pers\u00f6nliche Daten absolut vertraulich behandelt, nicht an Dritte weitergegeben und nicht mit anderen Datenquellen zusammengef\u00fchrt werden. Wenn gebeten wird, auf den von der Stiftung Ettersberg bereitgestellten Web-Formularen Angaben zur eigenen Person zu machen, steht es den Besuchern v\u00f6llig frei, dieser [&hellip;]<\/p>\n","protected":false},"author":2,"featured_media":0,"parent":0,"menu_order":0,"comment_status":"closed","ping_status":"closed","template":"","meta":[],"_links":{"self":[{"href":"http:\/\/nieder-mit-hitler.de\/index.php\/wp-json\/wp\/v2\/pages\/388"}],"collection":[{"href":"http:\/\/nieder-mit-hitler.de\/index.php\/wp-json\/wp\/v2\/pages"}],"about":[{"href":"http:\/\/nieder-mit-hitler.de\/index.php\/wp-json\/wp\/v2\/types\/page"}],"author":[{"embeddable":true,"href":"http:\/\/nieder-mit-hitler.de\/index.php\/wp-json\/wp\/v2\/users\/2"}],"replies":[{"embeddable":true,"href":"http:\/\/nieder-mit-hitler.de\/index.php\/wp-json\/wp\/v2\/comments?post=388"}],"version-history":[{"count":3,"href":"http:\/\/nieder-mit-hitler.de\/index.php\/wp-json\/wp\/v2\/pages\/388\/revisions"}],"predecessor-version":[{"id":395,"href":"http:\/\/nieder-mit-hitler.de\/index.php\/wp-json\/wp\/v2\/pages\/388\/revisions\/395"}],"wp:attachment":[{"href":"http:\/\/nieder-mit-hitler.de\/index.php\/wp-json\/wp\/v2\/media?parent=388"}],"curies":[{"name":"wp","href":"https:\/\/api.w.org\/{rel}","templated":true}]}}